{"id":9847,"date":"2023-04-21T08:01:16","date_gmt":"2023-04-21T05:01:16","guid":{"rendered":"https:\/\/ccdtulcea.ro\/wp\/?page_id=9847"},"modified":"2023-08-23T16:25:16","modified_gmt":"2023-08-23T13:25:16","slug":"revista-nr-33-aprilie-2023","status":"publish","type":"page","link":"https:\/\/ccdtulcea.ro\/wp\/revista-online\/revista-nr-33-aprilie-2023\/","title":{"rendered":"Revista nr. 33 &#8211; Aprilie 2023"},"content":{"rendered":"<p><div class=\"fusion-fullwidth fullwidth-box fusion-builder-row-1 fusion-flex-container has-pattern-background has-mask-background nonhundred-percent-fullwidth non-hundred-percent-height-scrolling\" style=\"--awb-border-radius-top-left:0px;--awb-border-radius-top-right:0px;--awb-border-radius-bottom-right:0px;--awb-border-radius-bottom-left:0px;\" ><div class=\"fusion-builder-row fusion-row fusion-flex-align-items-flex-start\" style=\"max-width:1248px;margin-left: calc(-4% \/ 2 );margin-right: calc(-4% \/ 2 );\"><div class=\"fusion-layout-column fusion_builder_column fusion-builder-column-0 fusion_builder_column_1_1 1_1 fusion-flex-column\" style=\"--awb-bg-size:cover;--awb-width-large:100%;--awb-margin-top-large:0px;--awb-spacing-right-large:1.92%;--awb-margin-bottom-large:20px;--awb-spacing-left-large:1.92%;--awb-width-medium:100%;--awb-order-medium:0;--awb-spacing-right-medium:1.92%;--awb-spacing-left-medium:1.92%;--awb-width-small:100%;--awb-order-small:0;--awb-spacing-right-small:1.92%;--awb-spacing-left-small:1.92%;\"><div class=\"fusion-column-wrapper fusion-column-has-shadow fusion-flex-justify-content-flex-start fusion-content-layout-column\"><div class=\"fusion-title title fusion-title-1 fusion-title-text fusion-title-size-three\" style=\"--awb-text-color:var(--awb-color6);--awb-margin-bottom:30px;--awb-sep-color:var(--awb-color6);\"><div class=\"title-sep-container title-sep-container-left fusion-no-large-visibility fusion-no-medium-visibility fusion-no-small-visibility\"><div class=\"title-sep sep-single sep-solid\" style=\"border-color:var(--awb-color6);\"><\/div><\/div><span class=\"awb-title-spacer fusion-no-large-visibility fusion-no-medium-visibility fusion-no-small-visibility\"><\/span><h3 class=\"title-heading-left\" style=\"margin:0;\">Revista nr. 33 \u2013 Aprilie 2023<\/h3><span class=\"awb-title-spacer\"><\/span><div class=\"title-sep-container title-sep-container-right\"><div class=\"title-sep sep-single sep-solid\" style=\"border-color:var(--awb-color6);\"><\/div><\/div><\/div><\/div><\/div><\/div><\/div><div class=\"fusion-fullwidth fullwidth-box fusion-builder-row-2 fusion-flex-container has-pattern-background has-mask-background nonhundred-percent-fullwidth non-hundred-percent-height-scrolling\" style=\"--awb-border-radius-top-left:0px;--awb-border-radius-top-right:0px;--awb-border-radius-bottom-right:0px;--awb-border-radius-bottom-left:0px;\" ><div class=\"fusion-builder-row fusion-row fusion-flex-align-items-flex-start\" style=\"max-width:1248px;margin-left: calc(-4% \/ 2 );margin-right: calc(-4% \/ 2 );\"><div class=\"fusion-layout-column fusion_builder_column fusion-builder-column-1 fusion_builder_column_1_4 1_4 fusion-flex-column\" style=\"--awb-bg-size:cover;--awb-width-large:25%;--awb-margin-top-large:0px;--awb-spacing-right-large:7.68%;--awb-margin-bottom-large:20px;--awb-spacing-left-large:7.68%;--awb-width-medium:25%;--awb-order-medium:0;--awb-spacing-right-medium:7.68%;--awb-spacing-left-medium:7.68%;--awb-width-small:100%;--awb-order-small:0;--awb-spacing-right-small:1.92%;--awb-spacing-left-small:1.92%;\"><div class=\"fusion-column-wrapper fusion-column-has-shadow fusion-flex-justify-content-flex-start fusion-content-layout-column\"><div class=\"fusion-image-element \" style=\"--awb-liftup-border-radius:0px;--awb-caption-title-font-family:var(--h2_typography-font-family);--awb-caption-title-font-weight:var(--h2_typography-font-weight);--awb-caption-title-font-style:var(--h2_typography-font-style);--awb-caption-title-size:var(--h2_typography-font-size);--awb-caption-title-transform:var(--h2_typography-text-transform);--awb-caption-title-line-height:var(--h2_typography-line-height);--awb-caption-title-letter-spacing:var(--h2_typography-letter-spacing);\"><div class=\"awb-image-frame awb-image-frame-1 imageframe-liftup\"><span class=\" fusion-imageframe imageframe-none imageframe-1\" class=\"image-scroll\"><a href=\"https:\/\/ccdtulcea.ro\/wp\/wp-content\/uploads\/2017\/08\/Coperta-nr.33.jpg\" class=\"fusion-lightbox\" data-rel=\"iLightbox[e8e0fbdea87d0ddec57]\" data-title=\"Coperta nr.33\" title=\"Coperta nr.33\"><img decoding=\"async\" width=\"791\" height=\"1024\" alt=\"Revista Online\" src=\"https:\/\/ccdtulcea.ro\/wp\/wp-content\/uploads\/2017\/08\/Coperta-nr.33.jpg\" class=\"img-responsive wp-image-9846\" srcset=\"https:\/\/ccdtulcea.ro\/wp\/wp-content\/uploads\/2017\/08\/Coperta-nr.33-200x259.jpg 200w, https:\/\/ccdtulcea.ro\/wp\/wp-content\/uploads\/2017\/08\/Coperta-nr.33-400x518.jpg 400w, https:\/\/ccdtulcea.ro\/wp\/wp-content\/uploads\/2017\/08\/Coperta-nr.33-600x777.jpg 600w, https:\/\/ccdtulcea.ro\/wp\/wp-content\/uploads\/2017\/08\/Coperta-nr.33.jpg 791w\" sizes=\"(max-width: 640px) 100vw, 400px\" \/><\/a><\/span><\/div><\/div><\/div><\/div><div class=\"fusion-layout-column fusion_builder_column fusion-builder-column-2 fusion_builder_column_3_4 3_4 fusion-flex-column fusion-flex-align-self-stretch\" style=\"--awb-bg-size:cover;--awb-width-large:75%;--awb-margin-top-large:0px;--awb-spacing-right-large:2.56%;--awb-margin-bottom-large:20px;--awb-spacing-left-large:2.56%;--awb-width-medium:75%;--awb-order-medium:0;--awb-spacing-right-medium:2.56%;--awb-spacing-left-medium:2.56%;--awb-width-small:100%;--awb-order-small:0;--awb-spacing-right-small:1.92%;--awb-spacing-left-small:1.92%;\"><div class=\"fusion-column-wrapper fusion-column-has-shadow fusion-flex-justify-content-center fusion-content-layout-column\"><div class=\"fusion-text fusion-text-1\"><p style=\"text-align: center;\">CONVORBIRI DIDACTICE<\/p>\n<p style=\"text-align: center;\">Revista online<\/p>\n<p style=\"text-align: center;\">ISSN: 2247-7179<br \/>\nISSN-L: 1222-2194 Nr. 33 Aprilie 2023<\/p>\n<\/div><\/div><\/div><\/div><\/div><div class=\"fusion-fullwidth fullwidth-box fusion-builder-row-3 fusion-flex-container has-pattern-background has-mask-background nonhundred-percent-fullwidth non-hundred-percent-height-scrolling\" style=\"--awb-border-radius-top-left:0px;--awb-border-radius-top-right:0px;--awb-border-radius-bottom-right:0px;--awb-border-radius-bottom-left:0px;\" ><div class=\"fusion-builder-row fusion-row fusion-flex-align-items-flex-start\" style=\"max-width:1248px;margin-left: calc(-4% \/ 2 );margin-right: calc(-4% \/ 2 );\"><div class=\"fusion-layout-column fusion_builder_column fusion-builder-column-3 fusion_builder_column_1_1 1_1 fusion-flex-column\" style=\"--awb-bg-size:cover;--awb-width-large:100%;--awb-margin-top-large:0px;--awb-spacing-right-large:1.92%;--awb-margin-bottom-large:20px;--awb-spacing-left-large:1.92%;--awb-width-medium:100%;--awb-order-medium:0;--awb-spacing-right-medium:1.92%;--awb-spacing-left-medium:1.92%;--awb-width-small:100%;--awb-order-small:0;--awb-spacing-right-small:1.92%;--awb-spacing-left-small:1.92%;\"><div class=\"fusion-column-wrapper fusion-column-has-shadow fusion-flex-justify-content-flex-start fusion-content-layout-column\"><div class=\"fusion-title title fusion-title-2 fusion-sep-none fusion-title-center fusion-title-text fusion-title-size-five\" style=\"--awb-text-color:var(--awb-color6);\"><h5 class=\"title-heading-center\" style=\"margin:0;\">Sumar<\/h5><\/div><ul style=\"--awb-margin-top:10px;--awb-margin-right:10px;--awb-margin-bottom:10px;--awb-margin-left:10px;--awb-item-padding-top:10px;--awb-item-padding-right:10px;--awb-item-padding-bottom:20px;--awb-item-padding-left:10px;--awb-odd-row-bgcolor:var(--awb-custom_color_1);--awb-line-height:27.2px;--awb-icon-width:27.2px;--awb-icon-height:27.2px;--awb-icon-margin:11.2px;--awb-content-margin:38.4px;--awb-circlecolor:var(--awb-color4);--awb-circle-yes-font-size:14.08px;\" class=\"fusion-checklist fusion-checklist-1 type-icons\"><li class=\"fusion-li-item\" style=\"\"><span class=\"icon-wrapper circle-yes\"><i class=\"fusion-li-icon fa-file-pdf fas\" aria-hidden=\"true\"><\/i><\/span><div class=\"fusion-li-item-content\"><strong>Prof. Barbu Sanda, Liceul Teoretic \u201eIon Creang\u0103\u201d Tulcea<\/strong><br \/>\n<a href=\"https:\/\/ccdtulcea.ro\/wp\/wp-content\/uploads\/2023\/04\/Barbu-Sanda_ok.pdf\" target=\"_blank\" rel=\"noopener\">Individualizarea \u0219i diferen\u021bierea \u00een activit\u0103\u021bile matematice \u2013 premis\u0103 a succesului \u0219colar<\/a><\/div><\/li><li class=\"fusion-li-item\" style=\"\"><span class=\"icon-wrapper circle-yes\"><i class=\"fusion-li-icon fa-file-pdf fas\" aria-hidden=\"true\"><\/i><\/span><div class=\"fusion-li-item-content\"><strong>Prof. B\u0103l\u0103noiu Georgiana-Maria, \u0218coala Gimnazial\u0103 Novaci, jud. GORJ<\/strong><br \/>\n<a href=\"https:\/\/ccdtulcea.ro\/wp\/wp-content\/uploads\/2023\/04\/Balanoiu-Georgiana_ok.pdf\" target=\"_blank\" rel=\"noopener\">DESPRE VIOLEN\u021a\u0102 \u0218I TOLERAN\u021a\u0102<\/a><\/div><\/li><li class=\"fusion-li-item\" style=\"\"><span class=\"icon-wrapper circle-yes\"><i class=\"fusion-li-icon fa-file-pdf fas\" aria-hidden=\"true\"><\/i><\/span><div class=\"fusion-li-item-content\"><strong>Prof.\u00eenv.pre\u0219colar Eleonora Bondar, Gr\u0103dini\u021ba cu PP. Nr. 12 Tulcea <\/strong><br \/>\n<a href=\"https:\/\/ccdtulcea.ro\/wp\/wp-content\/uploads\/2023\/04\/Bondar-Eleonora_ok.pdf\" target=\"_blank\" rel=\"noopener\">PROTEJ\u0102M NATURA \u00ceMPREUN\u0102!<\/a><\/div><\/li><li class=\"fusion-li-item\" style=\"\"><span class=\"icon-wrapper circle-yes\"><i class=\"fusion-li-icon fa-file-pdf fas\" aria-hidden=\"true\"><\/i><\/span><div class=\"fusion-li-item-content\"><strong>Profesor pentru \u00eenv\u0103\u021b\u0103m\u00e2ntul primar Bucur Dorina, Gr\u0103dini\u021ba cu P.P. \u201dDumbrava minunat\u0103\u201d Tulcea<\/strong><br \/>\n<a href=\"https:\/\/ccdtulcea.ro\/wp\/wp-content\/uploads\/2023\/04\/Bucur-Dorina_ok.pdf\" target=\"_blank\" rel=\"noopener\">VIOLEN\u021aA \u2013 UN R\u0102SPUNS LA NEADAPTARE<br \/>\nFENOMENUL BULLYING<br \/>\n<\/a><\/div><\/li><li class=\"fusion-li-item\" style=\"\"><span class=\"icon-wrapper circle-yes\"><i class=\"fusion-li-icon fa-file-pdf fas\" aria-hidden=\"true\"><\/i><\/span><div class=\"fusion-li-item-content\"><strong>Profesor \u00eenv\u0103\u021b\u0103m\u00e2nt primar Conachi Vasilica Valentina, \u0218coala Gimnazial\u0103 \u201dAlexandru Ciucurencu\u201d Tulcea<\/strong><br \/>\n<a href=\"https:\/\/ccdtulcea.ro\/wp\/wp-content\/uploads\/2023\/04\/Conachi-Vasilica_ok.pdf\" target=\"_blank\" rel=\"noopener\">Reflec\u021bii didactice: Evaluarea digital\u0103 standardizat\u0103 &#8211; \u00eentre necesitate \u0219i oportunitate<\/a><\/div><\/li><li class=\"fusion-li-item\" style=\"\"><span class=\"icon-wrapper circle-yes\"><i class=\"fusion-li-icon fa-file-pdf fas\" aria-hidden=\"true\"><\/i><\/span><div class=\"fusion-li-item-content\"><strong>Bibliotecar Geamba\u0219u Veronica Gabriela, Liceul Tehnologic \u201dHenri Coand\u0103\u201d Tulcea <\/strong><br \/>\n<a href=\"https:\/\/ccdtulcea.ro\/wp\/wp-content\/uploads\/2023\/04\/Geambasu-Veronica-_ok.pdf\" target=\"_blank\" rel=\"noopener\">LECTURA \u0218I NOILE TEHNOLOGII<\/a><\/div><\/li><li class=\"fusion-li-item\" style=\"\"><span class=\"icon-wrapper circle-yes\"><i class=\"fusion-li-icon fa-file-pdf fas\" aria-hidden=\"true\"><\/i><\/span><div class=\"fusion-li-item-content\"><strong>Profesor pentru \u00eenv\u0103\u021b\u0103m\u00e2nt primar Manole Carmen, \u0218coala Gimnazial\u0103 ,,Ion Luca Caragiale\u201d Tulcea<\/strong><br \/>\n<a href=\"https:\/\/ccdtulcea.ro\/wp\/wp-content\/uploads\/2023\/04\/Manole-Carmen_ok.pdf\" target=\"_blank\" rel=\"noopener\">Educa\u021bia \u00een sistem outdoor \u2013 educa\u021bie cu sens<\/a><\/div><\/li><li class=\"fusion-li-item\" style=\"\"><span class=\"icon-wrapper circle-yes\"><i class=\"fusion-li-icon fa-file-pdf fas\" aria-hidden=\"true\"><\/i><\/span><div class=\"fusion-li-item-content\"><strong>Prof. Marinela Peiciu, Palatul Copiilor Tulcea<\/strong><br \/>\n<a href=\"https:\/\/ccdtulcea.ro\/wp\/wp-content\/uploads\/2023\/04\/Peiciu-Marinela_ok.pdf\" target=\"_blank\" rel=\"noopener\">C\u0103l\u0103torie \u00een c\u0103utarea cheilor pentru incluziune \u0219i succes<\/a><\/div><\/li><li class=\"fusion-li-item\" style=\"\"><span class=\"icon-wrapper circle-yes\"><i class=\"fusion-li-icon fa-file-pdf fas\" aria-hidden=\"true\"><\/i><\/span><div class=\"fusion-li-item-content\"><strong>Prof. \u00eenv. primar Popa Corina, \u0218coala Gimnazial\u0103 Doroban\u021bu, jud. Tulcea<\/strong><br \/>\n<a href=\"https:\/\/ccdtulcea.ro\/wp\/wp-content\/uploads\/2023\/04\/Popa-Corina_ok.pdf\" target=\"_blank\" rel=\"noopener\">VALEN\u0162ELE EDUCATIVE ALE FABULEI \u0218I SNOAVEI PENTRU ELEVII DIN CICLUL PRIMAR<\/a><\/div><\/li><li class=\"fusion-li-item\" style=\"\"><span class=\"icon-wrapper circle-yes\"><i class=\"fusion-li-icon fa-file-pdf fas\" aria-hidden=\"true\"><\/i><\/span><div class=\"fusion-li-item-content\"><strong>Prof. Daniela Rus, Liceul Tehnologic \u201eBrad Segal\u201d Tulcea<\/strong><br \/>\n<a href=\"https:\/\/ccdtulcea.ro\/wp\/wp-content\/uploads\/2023\/04\/Rus-Daniela_ok.pdf\" target=\"_blank\" rel=\"noopener\">STRATEGII DE PREDARE CARE S\u0102 CORESPUND\u0102 STILURILOR INDIVIDUALE DE \u00ceNV\u0102\u0162ARE<\/a><\/div><\/li><li class=\"fusion-li-item\" style=\"\"><span class=\"icon-wrapper circle-yes\"><i class=\"fusion-li-icon fa-file-pdf fas\" aria-hidden=\"true\"><\/i><\/span><div class=\"fusion-li-item-content\"><strong>Prof. \u00eenv. pre\u0219colar Stancu Adriana-Florina, \u0218coala Gimnazial\u0103 \u201dIon Iorgulescu\u201d Mih\u0103e\u0219ti, jud. Arge\u0219<\/strong><br \/>\n<a href=\"https:\/\/ccdtulcea.ro\/wp\/wp-content\/uploads\/2023\/04\/Stancu-Adriana_ok.pdf\" target=\"_blank\" rel=\"noopener\">R\u03bflul m\u0435t\u03bfd\u0435l\u03bfr \u0456nt\u0435ract\u0456v\u0435 \u00een act\u0456v\u0456t\u0103\u0163\u0456l\u0435 d\u0435 \u0435ducar\u0435 a l\u0456mbajulu\u0456 din gr\u0103dini\u021b\u0103<\/a><\/div><\/li><li class=\"fusion-li-item\" style=\"\"><span class=\"icon-wrapper circle-yes\"><i class=\"fusion-li-icon fa-file-pdf fas\" aria-hidden=\"true\"><\/i><\/span><div class=\"fusion-li-item-content\"><strong>Inspector \u0219colar general Viorica PAVEL, Inspectoratul \u0218colar Jude\u021bean Tulcea<\/strong><br \/>\n<a href=\"https:\/\/ccdtulcea.ro\/wp\/wp-content\/uploads\/2023\/08\/Pavel-Viorica_ok.pdf\" target=\"_blank\" rel=\"noopener\">Dimensiuni ale ECD\/EDO<\/a><\/div><\/li><li class=\"fusion-li-item\" style=\"\"><span class=\"icon-wrapper circle-yes\"><i class=\"fusion-li-icon fa-file-pdf fas\" aria-hidden=\"true\"><\/i><\/span><div class=\"fusion-li-item-content\"><strong>Bibliotecar Geamba\u0219u Veronica Gabriela, Liceul Tehnologic \u201dHenri Coand\u0103\u201d Tulcea <\/strong><br \/>\n<a href=\"https:\/\/ccdtulcea.ro\/wp\/wp-content\/uploads\/2023\/04\/Geambasu-Veronica-2_ok.pdf\" target=\"_blank\" rel=\"noopener\">PROIECT DE CERCETARE A NEVOILOR DE LECTUR\u0102 A ELEVILOR<\/a><\/div><\/li><li class=\"fusion-li-item\" style=\"\"><span class=\"icon-wrapper circle-yes\"><i class=\"fusion-li-icon fa-file-pdf fas\" aria-hidden=\"true\"><\/i><\/span><div class=\"fusion-li-item-content\"><strong>Inspector \u0219colar pentru limba \u0219i literatura rom\u00e2n\u0103 Sorina Mangu, Inspectoratul \u0218colar Jude\u021bean Tulcea<\/strong><br \/>\n<a href=\"https:\/\/ccdtulcea.ro\/wp\/wp-content\/uploads\/2023\/08\/Mangu-Sorina_ok.pdf\" target=\"_blank\" rel=\"noopener\">R\u03bflul m\u0435t\u03bfd\u0435l\u03bfr \u0456nt\u0435ract\u0456v\u0435 \u00een act\u0456v\u0456t\u0103\u0163\u0456l\u0435 d\u0435 \u0435ducar\u0435 a l\u0456mbajulu\u0456 din gr\u0103dini\u021b\u0103<\/a><\/div><\/li><\/ul><\/div><\/div><\/div><\/div><\/p>\n","protected":false},"excerpt":{"rendered":"","protected":false},"author":1,"featured_media":0,"parent":272,"menu_order":0,"comment_status":"closed","ping_status":"closed","template":"","meta":{"footnotes":""},"class_list":["post-9847","page","type-page","status-publish","hentry"],"_links":{"self":[{"href":"https:\/\/ccdtulcea.ro\/wp\/wp-json\/wp\/v2\/pages\/9847","targetHints":{"allow":["GET"]}}],"collection":[{"href":"https:\/\/ccdtulcea.ro\/wp\/wp-json\/wp\/v2\/pages"}],"about":[{"href":"https:\/\/ccdtulcea.ro\/wp\/wp-json\/wp\/v2\/types\/page"}],"author":[{"embeddable":true,"href":"https:\/\/ccdtulcea.ro\/wp\/wp-json\/wp\/v2\/users\/1"}],"replies":[{"embeddable":true,"href":"https:\/\/ccdtulcea.ro\/wp\/wp-json\/wp\/v2\/comments?post=9847"}],"version-history":[{"count":4,"href":"https:\/\/ccdtulcea.ro\/wp\/wp-json\/wp\/v2\/pages\/9847\/revisions"}],"predecessor-version":[{"id":10234,"href":"https:\/\/ccdtulcea.ro\/wp\/wp-json\/wp\/v2\/pages\/9847\/revisions\/10234"}],"up":[{"embeddable":true,"href":"https:\/\/ccdtulcea.ro\/wp\/wp-json\/wp\/v2\/pages\/272"}],"wp:attachment":[{"href":"https:\/\/ccdtulcea.ro\/wp\/wp-json\/wp\/v2\/media?parent=9847"}],"curies":[{"name":"wp","href":"https:\/\/api.w.org\/{rel}","templated":true}]}}