{"id":8672,"date":"2023-03-08T11:15:13","date_gmt":"2023-03-08T08:15:13","guid":{"rendered":"https:\/\/ccdtulcea.ro\/wp\/?page_id=8672"},"modified":"2023-03-08T11:21:17","modified_gmt":"2023-03-08T08:21:17","slug":"revista-nr-17-mai-2017","status":"publish","type":"page","link":"https:\/\/ccdtulcea.ro\/wp\/revista-online\/revista-nr-17-mai-2017\/","title":{"rendered":"Revista nr.17 &#8211; Mai 2017"},"content":{"rendered":"<p><div class=\"fusion-fullwidth fullwidth-box fusion-builder-row-1 fusion-flex-container has-pattern-background has-mask-background nonhundred-percent-fullwidth non-hundred-percent-height-scrolling\" style=\"--awb-border-radius-top-left:0px;--awb-border-radius-top-right:0px;--awb-border-radius-bottom-right:0px;--awb-border-radius-bottom-left:0px;\" ><div class=\"fusion-builder-row fusion-row fusion-flex-align-items-flex-start\" style=\"max-width:1248px;margin-left: calc(-4% \/ 2 );margin-right: calc(-4% \/ 2 );\"><div class=\"fusion-layout-column fusion_builder_column fusion-builder-column-0 fusion_builder_column_1_1 1_1 fusion-flex-column\" style=\"--awb-bg-size:cover;--awb-width-large:100%;--awb-margin-top-large:0px;--awb-spacing-right-large:1.92%;--awb-margin-bottom-large:20px;--awb-spacing-left-large:1.92%;--awb-width-medium:100%;--awb-order-medium:0;--awb-spacing-right-medium:1.92%;--awb-spacing-left-medium:1.92%;--awb-width-small:100%;--awb-order-small:0;--awb-spacing-right-small:1.92%;--awb-spacing-left-small:1.92%;\"><div class=\"fusion-column-wrapper fusion-column-has-shadow fusion-flex-justify-content-flex-start fusion-content-layout-column\"><div class=\"fusion-title title fusion-title-1 fusion-title-text fusion-title-size-three\" style=\"--awb-text-color:var(--awb-color6);--awb-margin-bottom:30px;--awb-sep-color:var(--awb-color6);\"><div class=\"title-sep-container title-sep-container-left fusion-no-large-visibility fusion-no-medium-visibility fusion-no-small-visibility\"><div class=\"title-sep sep-single sep-solid\" style=\"border-color:var(--awb-color6);\"><\/div><\/div><span class=\"awb-title-spacer fusion-no-large-visibility fusion-no-medium-visibility fusion-no-small-visibility\"><\/span><h3 class=\"title-heading-left\" style=\"margin:0;\">Revista nr.17 &#8211; Mai 2017<\/h3><span class=\"awb-title-spacer\"><\/span><div class=\"title-sep-container title-sep-container-right\"><div class=\"title-sep sep-single sep-solid\" style=\"border-color:var(--awb-color6);\"><\/div><\/div><\/div><\/div><\/div><\/div><\/div><div class=\"fusion-fullwidth fullwidth-box fusion-builder-row-2 fusion-flex-container has-pattern-background has-mask-background nonhundred-percent-fullwidth non-hundred-percent-height-scrolling\" style=\"--awb-border-radius-top-left:0px;--awb-border-radius-top-right:0px;--awb-border-radius-bottom-right:0px;--awb-border-radius-bottom-left:0px;\" ><div class=\"fusion-builder-row fusion-row fusion-flex-align-items-flex-start\" style=\"max-width:1248px;margin-left: calc(-4% \/ 2 );margin-right: calc(-4% \/ 2 );\"><div class=\"fusion-layout-column fusion_builder_column fusion-builder-column-1 fusion_builder_column_1_4 1_4 fusion-flex-column\" style=\"--awb-bg-size:cover;--awb-width-large:25%;--awb-margin-top-large:0px;--awb-spacing-right-large:7.68%;--awb-margin-bottom-large:20px;--awb-spacing-left-large:7.68%;--awb-width-medium:25%;--awb-order-medium:0;--awb-spacing-right-medium:7.68%;--awb-spacing-left-medium:7.68%;--awb-width-small:100%;--awb-order-small:0;--awb-spacing-right-small:1.92%;--awb-spacing-left-small:1.92%;\"><div class=\"fusion-column-wrapper fusion-column-has-shadow fusion-flex-justify-content-flex-start fusion-content-layout-column\"><div class=\"fusion-image-element \" style=\"--awb-liftup-border-radius:0px;--awb-caption-title-font-family:var(--h2_typography-font-family);--awb-caption-title-font-weight:var(--h2_typography-font-weight);--awb-caption-title-font-style:var(--h2_typography-font-style);--awb-caption-title-size:var(--h2_typography-font-size);--awb-caption-title-transform:var(--h2_typography-text-transform);--awb-caption-title-line-height:var(--h2_typography-line-height);--awb-caption-title-letter-spacing:var(--h2_typography-letter-spacing);\"><div class=\"awb-image-frame awb-image-frame-1 imageframe-liftup\"><span class=\" fusion-imageframe imageframe-none imageframe-1\" class=\"image-scroll\"><a href=\"https:\/\/ccdtulcea.ro\/wp\/wp-content\/uploads\/2017\/08\/nr17.jpg\" class=\"fusion-lightbox\" data-rel=\"iLightbox[4a50078a1adf5f636af]\" data-title=\"nr17\" title=\"nr17\"><img decoding=\"async\" width=\"400\" height=\"489\" alt=\"Revista nr.17 - Mai 2017\" src=\"https:\/\/ccdtulcea.ro\/wp\/wp-content\/uploads\/2017\/08\/nr17.jpg\" class=\"img-responsive wp-image-361\" srcset=\"https:\/\/ccdtulcea.ro\/wp\/wp-content\/uploads\/2017\/08\/nr17-245x300.jpg 245w, https:\/\/ccdtulcea.ro\/wp\/wp-content\/uploads\/2017\/08\/nr17.jpg 400w\" sizes=\"(max-width: 400px) 100vw, 400px\" \/><\/a><\/span><\/div><\/div><\/div><\/div><div class=\"fusion-layout-column fusion_builder_column fusion-builder-column-2 fusion_builder_column_3_4 3_4 fusion-flex-column fusion-flex-align-self-stretch\" style=\"--awb-bg-size:cover;--awb-width-large:75%;--awb-margin-top-large:0px;--awb-spacing-right-large:2.56%;--awb-margin-bottom-large:20px;--awb-spacing-left-large:2.56%;--awb-width-medium:75%;--awb-order-medium:0;--awb-spacing-right-medium:2.56%;--awb-spacing-left-medium:2.56%;--awb-width-small:100%;--awb-order-small:0;--awb-spacing-right-small:1.92%;--awb-spacing-left-small:1.92%;\"><div class=\"fusion-column-wrapper fusion-column-has-shadow fusion-flex-justify-content-center fusion-content-layout-column\"><div class=\"fusion-text fusion-text-1\"><p style=\"text-align: center;\">CONVORBIRI DIDACTICE<\/p>\n<p style=\"text-align: center;\">Revista online<\/p>\n<p style=\"text-align: center;\">ISSN: 2247-7179<br \/>\nISSN-L: 1222-2194 Nr. 17 Mai 2017<\/p>\n<\/div><\/div><\/div><\/div><\/div><div class=\"fusion-fullwidth fullwidth-box fusion-builder-row-3 fusion-flex-container has-pattern-background has-mask-background nonhundred-percent-fullwidth non-hundred-percent-height-scrolling\" style=\"--awb-border-radius-top-left:0px;--awb-border-radius-top-right:0px;--awb-border-radius-bottom-right:0px;--awb-border-radius-bottom-left:0px;\" ><div class=\"fusion-builder-row fusion-row fusion-flex-align-items-flex-start\" style=\"max-width:1248px;margin-left: calc(-4% \/ 2 );margin-right: calc(-4% \/ 2 );\"><div class=\"fusion-layout-column fusion_builder_column fusion-builder-column-3 fusion_builder_column_1_1 1_1 fusion-flex-column\" style=\"--awb-bg-size:cover;--awb-width-large:100%;--awb-margin-top-large:0px;--awb-spacing-right-large:1.92%;--awb-margin-bottom-large:20px;--awb-spacing-left-large:1.92%;--awb-width-medium:100%;--awb-order-medium:0;--awb-spacing-right-medium:1.92%;--awb-spacing-left-medium:1.92%;--awb-width-small:100%;--awb-order-small:0;--awb-spacing-right-small:1.92%;--awb-spacing-left-small:1.92%;\"><div class=\"fusion-column-wrapper fusion-column-has-shadow fusion-flex-justify-content-flex-start fusion-content-layout-column\"><div class=\"fusion-title title fusion-title-2 fusion-sep-none fusion-title-center fusion-title-text fusion-title-size-five\" style=\"--awb-text-color:var(--awb-color6);\"><h5 class=\"title-heading-center\" style=\"margin:0;\">Sumar<\/h5><\/div><ul style=\"--awb-margin-top:10px;--awb-margin-right:10px;--awb-margin-bottom:10px;--awb-margin-left:10px;--awb-item-padding-top:10px;--awb-item-padding-right:10px;--awb-item-padding-bottom:20px;--awb-item-padding-left:10px;--awb-odd-row-bgcolor:var(--awb-custom_color_1);--awb-line-height:27.2px;--awb-icon-width:27.2px;--awb-icon-height:27.2px;--awb-icon-margin:11.2px;--awb-content-margin:38.4px;--awb-circlecolor:var(--awb-color4);--awb-circle-yes-font-size:14.08px;\" class=\"fusion-checklist fusion-checklist-1 type-icons\"><li class=\"fusion-li-item\" style=\"\"><span class=\"icon-wrapper circle-yes\"><i class=\"fusion-li-icon fa-file-pdf fas\" aria-hidden=\"true\"><\/i><\/span><div class=\"fusion-li-item-content\">\n<p><strong>Prof. Mariana ION, \u0218coala Gimnazial\u0103 Turcoaia, Jud. Tulcea<\/strong><br \/>\n<a href=\"https:\/\/ccdtulcea.ro\/wp\/wp-content\/uploads\/revista\/17\/Ion-Mariana_LES-CATEGORIES-GRAMMATICALES.pdf\" target=\"_blank\" rel=\"noopener\">LES CATEGORIES GRAMMATICALES.GENERALITES<\/a><\/p>\n<\/div><\/li><li class=\"fusion-li-item\" style=\"\"><span class=\"icon-wrapper circle-yes\"><i class=\"fusion-li-icon fa-file-pdf fas\" aria-hidden=\"true\"><\/i><\/span><div class=\"fusion-li-item-content\">\n<p><strong>Prof. Georgiana-Daniela IRIMIA, Liceul Teoretic \u201eIon Creanga\u201d Tulcea<\/strong><br \/>\n<a href=\"https:\/\/ccdtulcea.ro\/wp\/wp-content\/uploads\/revista\/17\/Irimia-Georgiana_Imparatul-Constantin-cel-Mare.pdf\" target=\"_blank\" rel=\"noopener\">\u00cemp\u0103ratul Constantin cel Mare<\/a><\/p>\n<\/div><\/li><li class=\"fusion-li-item\" style=\"\"><span class=\"icon-wrapper circle-yes\"><i class=\"fusion-li-icon fa-file-pdf fas\" aria-hidden=\"true\"><\/i><\/span><div class=\"fusion-li-item-content\">\n<p><strong>Prof. Victori\u021ba IVANOV, \u0218coala Gimnazial\u0103 Jurilovca, jud. Tulcea<\/strong><br \/>\n<a href=\"https:\/\/ccdtulcea.ro\/wp\/wp-content\/uploads\/revista\/17\/Ivanov-Victorita_Activitatea-fizica.pdf\" target=\"_blank\" rel=\"noopener\">Activitatea fizic\u0103<\/a><\/p>\n<\/div><\/li><li class=\"fusion-li-item\" style=\"\"><span class=\"icon-wrapper circle-yes\"><i class=\"fusion-li-icon fa-file-pdf fas\" aria-hidden=\"true\"><\/i><\/span><div class=\"fusion-li-item-content\">\n<p><strong>Prof. Sanda BARBU, Liceul Teoretic \u201eIon Creang\u0103\u201d Tulcea<\/strong><br \/>\n<a href=\"https:\/\/ccdtulcea.ro\/wp\/wp-content\/uploads\/revista\/17\/Barbu-Sanda_obstacole-in-predarea-matematicii.pdf\" target=\"_blank\" rel=\"noopener\">Obstacole \u00een predarea matematicii. Modalit\u0103\u0163i de ameliorare a rezultatelor \u015fcolare<\/a><\/p>\n<\/div><\/li><li class=\"fusion-li-item\" style=\"\"><span class=\"icon-wrapper circle-yes\"><i class=\"fusion-li-icon fa-file-pdf fas\" aria-hidden=\"true\"><\/i><\/span><div class=\"fusion-li-item-content\">\n<p><strong>Prof. Petru Adrian DEACONESCU, \u0218coala Gimnazial\u0103 Murighiol, jud. Tulcea<\/strong><br \/>\n<a href=\"https:\/\/ccdtulcea.ro\/wp\/wp-content\/uploads\/revista\/17\/Deaconescu-Adrian_O-alternativa-la-evaluare.pdf\" target=\"_blank\" rel=\"noopener\">O alternativ\u0103 la evaluare- instrumentele Plickers \u0219i ZipGrade<\/a><\/p>\n<\/div><\/li><li class=\"fusion-li-item\" style=\"\"><span class=\"icon-wrapper circle-yes\"><i class=\"fusion-li-icon fa-file-pdf fas\" aria-hidden=\"true\"><\/i><\/span><div class=\"fusion-li-item-content\">\n<p><strong>Prof. Veronica ZAHARIA, Liceul Teoretic \u201dIon Creang\u0103\u201d Tulcea<\/strong><br \/>\n<a href=\"https:\/\/ccdtulcea.ro\/wp\/wp-content\/uploads\/revista\/17\/Zaharia-Veonica_Consecintele-supraponderii-si-obezitatii-la-copii.pdf\" target=\"_blank\" rel=\"noopener\">Consecin\u0163ele supraponderii \u015fi obezit\u0103\u0163ii la copii<\/a><\/p>\n<\/div><\/li><li class=\"fusion-li-item\" style=\"\"><span class=\"icon-wrapper circle-yes\"><i class=\"fusion-li-icon fa-file-pdf fas\" aria-hidden=\"true\"><\/i><\/span><div class=\"fusion-li-item-content\">\n<p><strong>Prof. \u00eenv. pre\u0219colar Simona ZELEZNEAC, Colegiul \u201dAnghel Saligny&#8221; Tulcea<\/strong><br \/>\n<a href=\"https:\/\/ccdtulcea.ro\/wp\/wp-content\/uploads\/revista\/17\/Zelesneac-Simona_Proiect-de-activitate-integrata.pdf\" target=\"_blank\" rel=\"noopener\">Proiect de activitate integrate<\/a><\/p>\n<\/div><\/li><li class=\"fusion-li-item\" style=\"\"><span class=\"icon-wrapper circle-yes\"><i class=\"fusion-li-icon fa-file-pdf fas\" aria-hidden=\"true\"><\/i><\/span><div class=\"fusion-li-item-content\">\n<p><strong>Prof. \u00eenv. primar Alexandra IORD\u0102CHI\u021a\u0102, Liceul Teoretic \u201dIon Creang\u0103\u201d Tulcea<\/strong><br \/>\n<a href=\"https:\/\/ccdtulcea.ro\/wp\/wp-content\/uploads\/revista\/17\/Iordachita-Alexandra_metode-de-dezvoltare-a-capacitatii-de-autoevaluare-la-elevi.pdf\" target=\"_blank\" rel=\"noopener\">Metode de formare a capacit\u0103\u021bii de autoevaluare la elevi<\/a><\/p>\n<\/div><\/li><li class=\"fusion-li-item\" style=\"\"><span class=\"icon-wrapper circle-yes\"><i class=\"fusion-li-icon fa-file-pdf fas\" aria-hidden=\"true\"><\/i><\/span><div class=\"fusion-li-item-content\">\n<p><strong>Educatoare Evdochia PASCALE, \u0218coala Gimnazial\u0103 Sarichioi, jude\u021bul Tulcea<\/strong><br \/>\n<a href=\"https:\/\/ccdtulcea.ro\/wp\/wp-content\/uploads\/revista\/17\/Pascale-Evdochia_Sa-nu-uitam-limba-stramoseasca.pdf\" target=\"_blank\" rel=\"noopener\">S\u0103 nu uit\u0103m limba str\u0103mo\u0219easc\u0103<\/a><\/p>\n<\/div><\/li><li class=\"fusion-li-item\" style=\"\"><span class=\"icon-wrapper circle-yes\"><i class=\"fusion-li-icon fa-file-pdf fas\" aria-hidden=\"true\"><\/i><\/span><div class=\"fusion-li-item-content\">\n<p><strong>Prof. Janeta R\u0102DOI, \u0218coala Gimnazial\u0103 \u201dGheorghe Banea\u201d M\u0103cin, jude\u021bul Tulcea<\/strong><br \/>\n<a href=\"https:\/\/ccdtulcea.ro\/wp\/wp-content\/uploads\/revista\/17\/Radoi-Janeta_Forme-de-realizare-a-educatiei-fizice-in-gradinita.pdf\" target=\"_blank\" rel=\"noopener\">Forme \u015fi mijloace de realizare a educa\u0163iei fizice \u00een gr\u0103dini\u0163a de copii<\/a><\/p>\n<\/div><\/li><li class=\"fusion-li-item\" style=\"\"><span class=\"icon-wrapper circle-yes\"><i class=\"fusion-li-icon fa-file-pdf fas\" aria-hidden=\"true\"><\/i><\/span><div class=\"fusion-li-item-content\">\n<p><strong>Prof .\u00eenv.primar Ioana ION, \u015ecoala Gimnazial\u0103 Turcoaia, jude\u021bul Tulcea<\/strong><br \/>\n<a href=\"https:\/\/ccdtulcea.ro\/wp\/wp-content\/uploads\/revista\/17\/Ion-Ioana_Creativitatea-prioritate-a-inv-romanesc.pdf\" target=\"_blank\" rel=\"noopener\">Creativitatea &#8211; prioritate a \u00eenv\u0103\u0163\u0103m\u00e2ntului rom\u00e2nesc<\/a><\/p>\n<\/div><\/li><li class=\"fusion-li-item\" style=\"\"><span class=\"icon-wrapper circle-yes\"><i class=\"fusion-li-icon fa-file-pdf fas\" aria-hidden=\"true\"><\/i><\/span><div class=\"fusion-li-item-content\">\n<p><strong>Prof. Antoneta \u00ceMPU\u0218CATU, \u0218coala Gimnazial\u0103 \u201dIon Creang\u0103\u201d I.C.Br\u0103tianu, Jud. Tulcea<\/strong><br \/>\n<a href=\"https:\/\/ccdtulcea.ro\/wp\/wp-content\/uploads\/revista\/17\/Impuscatu-Antoneta_Evaluarea-randamentului-scolar.pdf\" target=\"_blank\" rel=\"noopener\">Evaluarea randamentului \u0219colar<\/a><\/p>\n<\/div><\/li><li class=\"fusion-li-item\" style=\"\"><span class=\"icon-wrapper circle-yes\"><i class=\"fusion-li-icon fa-file-pdf fas\" aria-hidden=\"true\"><\/i><\/span><div class=\"fusion-li-item-content\">\n<p><strong>Prof. Gina GRAMA, prof. Paraschiva PAVEL, \u0218coala Gimnazial\u0103 \u201eNifon B\u0103l\u0103\u0219escu\u201d Tulcea<\/strong><br \/>\n<a href=\"https:\/\/ccdtulcea.ro\/wp\/wp-content\/uploads\/revista\/17\/Grama-Gina_Pavel-Elisabeta_diciplinele-optionale.pdf\" target=\"_blank\" rel=\"noopener\">Disciplinele op\u021bionale<\/a><\/p>\n<\/div><\/li><li class=\"fusion-li-item\" style=\"\"><span class=\"icon-wrapper circle-yes\"><i class=\"fusion-li-icon fa-file-pdf fas\" aria-hidden=\"true\"><\/i><\/span><div class=\"fusion-li-item-content\">\n<p><strong>Prof. Mihaela \u2013 Evelina CERN\u0102\u021aEANU, \u0218coala Gimnazial\u0103 Nr. 12, Tulcea<\/strong><br \/>\n<a href=\"https:\/\/ccdtulcea.ro\/wp\/wp-content\/uploads\/revista\/17\/Cernateanu-Mihaela_proiect-EVIS.pdf\" target=\"_blank\" rel=\"noopener\">EVIS \u2013EUROPEAN VALUES FOR INCLUSIVE SCHOOLS<\/a><\/p>\n<\/div><\/li><li class=\"fusion-li-item\" style=\"\"><span class=\"icon-wrapper circle-yes\"><i class=\"fusion-li-icon fa-file-pdf fas\" aria-hidden=\"true\"><\/i><\/span><div class=\"fusion-li-item-content\">\n<p><strong>Prof. \u00eenv. primar Georgeta ATIM, Liceul Teoretic &#8222;Ion Creang\u0103\u201d Tulcea<\/strong><br \/>\n<a href=\"https:\/\/ccdtulcea.ro\/wp\/wp-content\/uploads\/revista\/17\/Atim-Georgeta_modele-de-stiluri-parentale.pdf\" target=\"_blank\" rel=\"noopener\">Modele de stiluri parentale \u2013 de la tradi\u0163ii la viitor<\/a><\/p>\n<\/div><\/li><li class=\"fusion-li-item\" style=\"\"><span class=\"icon-wrapper circle-yes\"><i class=\"fusion-li-icon fa-file-pdf fas\" aria-hidden=\"true\"><\/i><\/span><div class=\"fusion-li-item-content\">\n<p><strong>Prof. Mihaela SP\u0102TARU, Liceul Teoretic \u201eGrigore Moisil\u201d Tulcea<\/strong><br \/>\n<a href=\"https:\/\/ccdtulcea.ro\/wp\/wp-content\/uploads\/revista\/17\/Spataru-Mihaela_Fara-bulling.pdf\" target=\"_blank\" rel=\"noopener\">#F\u0103r\u0103Bullying<\/a><\/p>\n<\/div><\/li><li class=\"fusion-li-item\" style=\"\"><span class=\"icon-wrapper circle-yes\"><i class=\"fusion-li-icon fa-file-pdf fas\" aria-hidden=\"true\"><\/i><\/span><div class=\"fusion-li-item-content\">\n<p><strong>Prof. consilier \u0219colar Jenica BATISTE, \u0218coala Gimnazial\u0103 Nr.12 Tulcea<\/strong><br \/>\n<a href=\"https:\/\/ccdtulcea.ro\/wp\/wp-content\/uploads\/revista\/17\/Batiste-Jenica_EVIS-o-cale-spre-scolile-europene.pdf\" target=\"_blank\" rel=\"noopener\">EVIS, o cale spre \u0219colile europene<\/a><\/p>\n<\/div><\/li><li class=\"fusion-li-item\" style=\"\"><span class=\"icon-wrapper circle-yes\"><i class=\"fusion-li-icon fa-file-pdf fas\" aria-hidden=\"true\"><\/i><\/span><div class=\"fusion-li-item-content\">\n<p><strong>Prof. Doru PEIU, \u0218coala Gimnazial\u0103 \u201dNichfor Ludovig\u201d Niculi\u021bel, jude\u021bul Tulcea<\/strong><br \/>\n<a href=\"https:\/\/ccdtulcea.ro\/wp\/wp-content\/uploads\/revista\/17\/Peiu-Doru_studiu-privind-dezvoltarea-vitezei.pdf\" target=\"_blank\" rel=\"noopener\">Peiu-Doru_studiu-privind-dezvoltarea-vitezei.pdf<\/a><\/p>\n<\/div><\/li><\/ul><\/div><\/div><\/div><\/div><\/p>\n","protected":false},"excerpt":{"rendered":"","protected":false},"author":1,"featured_media":0,"parent":272,"menu_order":0,"comment_status":"closed","ping_status":"closed","template":"","meta":{"footnotes":""},"class_list":["post-8672","page","type-page","status-publish","hentry"],"_links":{"self":[{"href":"https:\/\/ccdtulcea.ro\/wp\/wp-json\/wp\/v2\/pages\/8672","targetHints":{"allow":["GET"]}}],"collection":[{"href":"https:\/\/ccdtulcea.ro\/wp\/wp-json\/wp\/v2\/pages"}],"about":[{"href":"https:\/\/ccdtulcea.ro\/wp\/wp-json\/wp\/v2\/types\/page"}],"author":[{"embeddable":true,"href":"https:\/\/ccdtulcea.ro\/wp\/wp-json\/wp\/v2\/users\/1"}],"replies":[{"embeddable":true,"href":"https:\/\/ccdtulcea.ro\/wp\/wp-json\/wp\/v2\/comments?post=8672"}],"version-history":[{"count":1,"href":"https:\/\/ccdtulcea.ro\/wp\/wp-json\/wp\/v2\/pages\/8672\/revisions"}],"predecessor-version":[{"id":11220,"href":"https:\/\/ccdtulcea.ro\/wp\/wp-json\/wp\/v2\/pages\/8672\/revisions\/11220"}],"up":[{"embeddable":true,"href":"https:\/\/ccdtulcea.ro\/wp\/wp-json\/wp\/v2\/pages\/272"}],"wp:attachment":[{"href":"https:\/\/ccdtulcea.ro\/wp\/wp-json\/wp\/v2\/media?parent=8672"}],"curies":[{"name":"wp","href":"https:\/\/api.w.org\/{rel}","templated":true}]}}