{"id":7095,"date":"2021-12-08T07:03:12","date_gmt":"2021-12-08T07:03:12","guid":{"rendered":"https:\/\/ccdtulcea.ro\/wp\/?page_id=7095"},"modified":"2022-01-11T05:22:41","modified_gmt":"2022-01-11T05:22:41","slug":"echivalare-cpt-an-scolar-2021-2022","status":"publish","type":"page","link":"https:\/\/ccdtulcea.ro\/wp\/echivalare-cpt-an-scolar-2021-2022\/","title":{"rendered":"Echivalare CPT, an \u0219colar 2021-2022"},"content":{"rendered":"<p>&nbsp;<\/p>\n<p><a href=\"https:\/\/ccdtulcea.ro\/wp\/wp-content\/uploads\/2021\/12\/1.-Calendar-activitate-echivalare-credite-profesionale-transferabile.pdf\" target=\"_blank\" rel=\"noopener\">1. Calendar activitate echivalare credite profesionale transferabile<\/a><\/p>\n<p><a href=\"https:\/\/ccdtulcea.ro\/wp\/wp-content\/uploads\/2022\/01\/CCD-Tulcea_Planificare-activitate-comisii-echivalare_2021-2022.pdf\" target=\"_blank\" rel=\"noopener\">2. Planificare activitate comisii echivalare_2021-2022<\/a><\/p>\n<p><a href=\"https:\/\/ccdtulcea.ro\/wp\/wp-content\/uploads\/2021\/12\/3.-Cerere-echivalare_Anexa-1-la-Metodologie.docx\" target=\"_blank\" rel=\"noopener\">3. Cerere echivalare_Anexa 1 la Metodologie<\/a><\/p>\n<p><a href=\"https:\/\/ccdtulcea.ro\/wp\/wp-content\/uploads\/2021\/12\/4.-Decizie-comisie-echivalare_structura-orientativa.doc\" target=\"_blank\" rel=\"noopener\">4. Decizie comisie echivalare_structura orientativ\u0103<\/a><\/p>\n<p><a href=\"https:\/\/ccdtulcea.ro\/wp\/wp-content\/uploads\/2021\/12\/5.-Fisa-individuala-echivalare_structura-orientativa.docx\" target=\"_blank\" rel=\"noopener\">5. Fi\u0219a individual\u0103 echivalare_structura orientativ\u0103<\/a><\/p>\n<p><a href=\"https:\/\/ccdtulcea.ro\/wp\/wp-content\/uploads\/2021\/12\/6.-PV_echivalare_structura-orientativa.doc\" target=\"_blank\" rel=\"noopener\">6. PV_echivalare_structura orientativ\u0103<\/a><\/p>\n<p><a href=\"https:\/\/ccdtulcea.ro\/wp\/wp-content\/uploads\/2021\/12\/7.-Adeverinta-echivalare_Anexa-2-la-Metodologie.docx\" target=\"_blank\" rel=\"noopener\">7. Adeverin\u021ba echivalare_Anexa 2 la Metodologie<\/a><\/p>\n<p><a href=\"https:\/\/ccdtulcea.ro\/wp\/wp-content\/uploads\/2021\/12\/8.-OMEC_5967-2.pdf\" target=\"_blank\" rel=\"noopener\">8. OMEC_5967_privind aprobarea Metodologiei privind sistemul de acumulare, recunoa\u015ftere \u015fi echivalare a creditelor profesionale transferabile<\/a><\/p>\n","protected":false},"excerpt":{"rendered":"<p>&nbsp; 1. Calendar activitate echivalare credite profesionale transferabile 2. Planificare activitate comisii echivalare_2021-2022 3. Cerere echivalare_Anexa 1 la Metodologie 4. Decizie comisie echivalare_structura orientativ\u0103 5. Fi\u0219a individual\u0103 echivalare_structura orientativ\u0103 6. PV_echivalare_structura orientativ\u0103 7. Adeverin\u021ba echivalare_Anexa 2 la Metodologie 8. OMEC_5967_privind [&hellip;]<\/p>\n","protected":false},"author":1,"featured_media":0,"parent":0,"menu_order":0,"comment_status":"closed","ping_status":"closed","template":"","meta":{"footnotes":""},"class_list":["post-7095","page","type-page","status-publish","hentry"],"_links":{"self":[{"href":"https:\/\/ccdtulcea.ro\/wp\/wp-json\/wp\/v2\/pages\/7095","targetHints":{"allow":["GET"]}}],"collection":[{"href":"https:\/\/ccdtulcea.ro\/wp\/wp-json\/wp\/v2\/pages"}],"about":[{"href":"https:\/\/ccdtulcea.ro\/wp\/wp-json\/wp\/v2\/types\/page"}],"author":[{"embeddable":true,"href":"https:\/\/ccdtulcea.ro\/wp\/wp-json\/wp\/v2\/users\/1"}],"replies":[{"embeddable":true,"href":"https:\/\/ccdtulcea.ro\/wp\/wp-json\/wp\/v2\/comments?post=7095"}],"version-history":[{"count":0,"href":"https:\/\/ccdtulcea.ro\/wp\/wp-json\/wp\/v2\/pages\/7095\/revisions"}],"wp:attachment":[{"href":"https:\/\/ccdtulcea.ro\/wp\/wp-json\/wp\/v2\/media?parent=7095"}],"curies":[{"name":"wp","href":"https:\/\/api.w.org\/{rel}","templated":true}]}}