{"id":12361,"date":"2025-12-18T07:29:29","date_gmt":"2025-12-18T05:29:29","guid":{"rendered":"https:\/\/ccdtulcea.ro\/wp\/?page_id=12361"},"modified":"2026-04-02T08:43:02","modified_gmt":"2026-04-02T06:43:02","slug":"materiale-informative","status":"publish","type":"page","link":"https:\/\/ccdtulcea.ro\/wp\/biblioteci-centre-de-documentare-si-informare\/materiale-informative\/","title":{"rendered":"Materiale informative"},"content":{"rendered":"<div class=\"fusion-fullwidth fullwidth-box fusion-builder-row-1 fusion-flex-container has-pattern-background has-mask-background nonhundred-percent-fullwidth non-hundred-percent-height-scrolling\" style=\"--awb-border-radius-top-left:0px;--awb-border-radius-top-right:0px;--awb-border-radius-bottom-right:0px;--awb-border-radius-bottom-left:0px;\" ><div class=\"fusion-builder-row fusion-row fusion-flex-align-items-flex-start\" style=\"max-width:1248px;margin-left: calc(-4% \/ 2 );margin-right: calc(-4% \/ 2 );\"><div class=\"fusion-layout-column fusion_builder_column fusion-builder-column-0 fusion_builder_column_1_1 1_1 fusion-flex-column\" style=\"--awb-bg-size:cover;--awb-width-large:100%;--awb-margin-top-large:0px;--awb-spacing-right-large:1.92%;--awb-margin-bottom-large:20px;--awb-spacing-left-large:1.92%;--awb-width-medium:100%;--awb-order-medium:0;--awb-spacing-right-medium:1.92%;--awb-spacing-left-medium:1.92%;--awb-width-small:100%;--awb-order-small:0;--awb-spacing-right-small:1.92%;--awb-spacing-left-small:1.92%;\"><div class=\"fusion-column-wrapper fusion-column-has-shadow fusion-flex-justify-content-flex-start fusion-content-layout-column\"><div class=\"fusion-title title fusion-title-1 fusion-title-text fusion-title-size-four\" style=\"--awb-text-color:var(--awb-custom_color_2);--awb-sep-color:var(--awb-custom_color_2);\"><div class=\"title-sep-container title-sep-container-left fusion-no-large-visibility fusion-no-medium-visibility fusion-no-small-visibility\"><div class=\"title-sep sep-single sep-solid\" style=\"border-color:var(--awb-custom_color_2);\"><\/div><\/div><span class=\"awb-title-spacer fusion-no-large-visibility fusion-no-medium-visibility fusion-no-small-visibility\"><\/span><h4 class=\"title-heading-left\" style=\"margin:0;\"><strong>Materiale informative<\/strong><\/h4><span class=\"awb-title-spacer\"><\/span><div class=\"title-sep-container title-sep-container-right\"><div class=\"title-sep sep-single sep-solid\" style=\"border-color:var(--awb-custom_color_2);\"><\/div><\/div><\/div><div class=\"fusion-text fusion-text-1\"><p><a href=\"https:\/\/ccdtulcea.ro\/wp\/wp-content\/uploads\/2026\/04\/Atelier-Biblioteci-CDIdei-in-carti_Liceul-Tehnologic-Topolog.pdf\" target=\"_blank\" rel=\"noopener\">Atelier Biblioteci &#8211; CDIdei \u00een c\u0103r\u021bi_Liceul Tehnologic Topolog<\/a><\/p>\n<p><a href=\"https:\/\/ccdtulcea.ro\/wp\/wp-content\/uploads\/2026\/03\/Calendarul-atelierelor-de-dezvoltare-profesionala-pentru-bibliotecari-si-responsabili-CDI_2025_2026.pdf\" target=\"_blank\" rel=\"noopener\">Calendarul atelierelor de dezvoltare profesional\u0103 pentru bibliotecarii \u0219colari \u0219i responsabilii CDI din unit\u0103\u021bile de \u00eenv\u0103\u021b\u0103m\u00e2nt din jude\u021bul Tulcea \u2013 anul \u0219colar 2025 \u2013 2026<\/a><\/p>\n<p><a href=\"https:\/\/ccdtulcea.ro\/wp\/wp-content\/uploads\/2025\/12\/Scoala-Gimnaziala-Nr.-12-Tulcea_Atelier-de-dezvoltare-profesionala-pentru-bibliotecari-si-responsabili-CDI.pdf\" target=\"_blank\" rel=\"noopener\">\u0218coala Gimnazial\u0103 Nr. 12 Tulcea_Atelier de dezvoltare profesional\u0103 pentru bibliotecari \u0219i responsabili CDI<\/a><\/p>\n<p><a href=\"https:\/\/drive.google.com\/file\/d\/1RejWX_T_4Qu09lxCdFmkx7IuMu2sb72P\/view?usp=sharing\" target=\"_blank\" rel=\"noopener\">CCD_TL_Raport de activitate biblioteci \u0219colare \u0219i centre de documentare \u0219i informare_anul \u0219colar 2024-2025<\/a><\/p>\n<p><a href=\"https:\/\/drive.google.com\/file\/d\/1HQf-K64nGJ7dVsVWaJAlix-GNxsLoaiN\/view?usp=sharing\" target=\"_blank\" rel=\"noopener\">Biblioteca \u0219colar\u0103 &#8211; hub cultural \u0219i informa\u021bional<\/a><\/p>\n<p><a href=\"https:\/\/drive.google.com\/file\/d\/1agK_Mx5AVc7t-ABcrDNybZqBUU_Iy1it\/view?usp=sharing\" target=\"_blank\" rel=\"noopener\">Istoria bibliotecilor \u0219colare din jude\u021bul Tulcea-activitate de documentare<\/a><\/p>\n<p><a href=\"https:\/\/drive.google.com\/file\/d\/1MQ9kmycGgubdiI6vP4Xp7PaSLDkAUxf7\/view?usp=sharing\" target=\"_blank\" rel=\"noopener\">Nevoile actuale ale utilizatorilor bibliotecilor \u0219colare<\/a><\/p>\n<\/div><div class=\"fusion-text fusion-text-2\"><p><b><span style=\"color: #800000;\">NOT\u0102:<\/span> Autorii materialelor informative\u00a0publicate \u00een aceast\u0103 pagin\u0103 \u00ee\u0219i asum\u0103 responsabilitatea\u00a0privind con\u021binutul acestora.<\/b><\/p>\n<\/div><\/div><\/div><\/div><\/div>\n","protected":false},"excerpt":{"rendered":"","protected":false},"author":1,"featured_media":0,"parent":12345,"menu_order":0,"comment_status":"closed","ping_status":"closed","template":"","meta":{"footnotes":""},"class_list":["post-12361","page","type-page","status-publish","hentry"],"_links":{"self":[{"href":"https:\/\/ccdtulcea.ro\/wp\/wp-json\/wp\/v2\/pages\/12361","targetHints":{"allow":["GET"]}}],"collection":[{"href":"https:\/\/ccdtulcea.ro\/wp\/wp-json\/wp\/v2\/pages"}],"about":[{"href":"https:\/\/ccdtulcea.ro\/wp\/wp-json\/wp\/v2\/types\/page"}],"author":[{"embeddable":true,"href":"https:\/\/ccdtulcea.ro\/wp\/wp-json\/wp\/v2\/users\/1"}],"replies":[{"embeddable":true,"href":"https:\/\/ccdtulcea.ro\/wp\/wp-json\/wp\/v2\/comments?post=12361"}],"version-history":[{"count":5,"href":"https:\/\/ccdtulcea.ro\/wp\/wp-json\/wp\/v2\/pages\/12361\/revisions"}],"predecessor-version":[{"id":12708,"href":"https:\/\/ccdtulcea.ro\/wp\/wp-json\/wp\/v2\/pages\/12361\/revisions\/12708"}],"up":[{"embeddable":true,"href":"https:\/\/ccdtulcea.ro\/wp\/wp-json\/wp\/v2\/pages\/12345"}],"wp:attachment":[{"href":"https:\/\/ccdtulcea.ro\/wp\/wp-json\/wp\/v2\/media?parent=12361"}],"curies":[{"name":"wp","href":"https:\/\/api.w.org\/{rel}","templated":true}]}}