{"id":11980,"date":"2025-07-07T11:02:16","date_gmt":"2025-07-07T09:02:16","guid":{"rendered":"https:\/\/ccdtulcea.ro\/wp\/?page_id=11980"},"modified":"2025-10-10T09:03:27","modified_gmt":"2025-10-10T07:03:27","slug":"accesibilitate","status":"publish","type":"page","link":"https:\/\/ccdtulcea.ro\/wp\/accesibilitate\/","title":{"rendered":"ACCESIBILITATE"},"content":{"rendered":"<p><div class=\"fusion-fullwidth fullwidth-box fusion-builder-row-1 fusion-flex-container has-pattern-background has-mask-background nonhundred-percent-fullwidth non-hundred-percent-height-scrolling\" style=\"--awb-border-radius-top-left:0px;--awb-border-radius-top-right:0px;--awb-border-radius-bottom-right:0px;--awb-border-radius-bottom-left:0px;\" ><div class=\"fusion-builder-row fusion-row fusion-flex-align-items-flex-start\" style=\"max-width:1248px;margin-left: calc(-4% \/ 2 );margin-right: calc(-4% \/ 2 );\"><div class=\"fusion-layout-column fusion_builder_column fusion-builder-column-0 fusion_builder_column_1_1 1_1 fusion-flex-column\" style=\"--awb-bg-size:cover;--awb-width-large:100%;--awb-margin-top-large:0px;--awb-spacing-right-large:1.92%;--awb-margin-bottom-large:20px;--awb-spacing-left-large:1.92%;--awb-width-medium:100%;--awb-order-medium:0;--awb-spacing-right-medium:1.92%;--awb-spacing-left-medium:1.92%;--awb-width-small:100%;--awb-order-small:0;--awb-spacing-right-small:1.92%;--awb-spacing-left-small:1.92%;\"><div class=\"fusion-column-wrapper fusion-column-has-shadow fusion-flex-justify-content-flex-start fusion-content-layout-column\"><div class=\"fusion-title title fusion-title-1 fusion-title-text fusion-title-size-five\" style=\"--awb-text-color:var(--awb-custom_color_2);--awb-sep-color:var(--awb-custom_color_2);\"><div class=\"title-sep-container title-sep-container-left fusion-no-large-visibility fusion-no-medium-visibility fusion-no-small-visibility\"><div class=\"title-sep sep-single sep-solid\" style=\"border-color:var(--awb-custom_color_2);\"><\/div><\/div><span class=\"awb-title-spacer fusion-no-large-visibility fusion-no-medium-visibility fusion-no-small-visibility\"><\/span><h5 class=\"title-heading-left\" style=\"margin:0;\">ACCESIBILITATE<\/h5><span class=\"awb-title-spacer\"><\/span><div class=\"title-sep-container title-sep-container-right\"><div class=\"title-sep sep-single sep-solid\" style=\"border-color:var(--awb-custom_color_2);\"><\/div><\/div><\/div><div class=\"fusion-title title fusion-title-2 fusion-sep-none fusion-title-text fusion-title-size-five\" style=\"--awb-text-color:var(--awb-custom_color_2);--awb-sep-color:var(--awb-custom_color_2);\"><h5 class=\"title-heading-left\" style=\"margin:0;\"><b><span>Declara\u021bie de accesibilitate<\/span><\/b><\/h5><\/div><\/div><\/div><\/div><\/div><div class=\"fusion-fullwidth fullwidth-box fusion-builder-row-2 fusion-flex-container nonhundred-percent-fullwidth non-hundred-percent-height-scrolling\" style=\"--awb-border-radius-top-left:0px;--awb-border-radius-top-right:0px;--awb-border-radius-bottom-right:0px;--awb-border-radius-bottom-left:0px;\" ><div class=\"fusion-builder-row fusion-row fusion-flex-align-items-flex-start\" style=\"max-width:1248px;margin-left: calc(-4% \/ 2 );margin-right: calc(-4% \/ 2 );\"><div class=\"fusion-layout-column fusion_builder_column fusion-builder-column-1 fusion_builder_column_1_1 1_1 fusion-flex-column\" style=\"--awb-bg-size:cover;--awb-width-large:100%;--awb-margin-top-large:0px;--awb-spacing-right-large:1.92%;--awb-margin-bottom-large:0px;--awb-spacing-left-large:1.92%;--awb-width-medium:100%;--awb-spacing-right-medium:1.92%;--awb-spacing-left-medium:1.92%;--awb-width-small:100%;--awb-spacing-right-small:1.92%;--awb-spacing-left-small:1.92%;\"><div class=\"fusion-column-wrapper fusion-flex-justify-content-flex-start fusion-content-layout-column\"><div class=\"fusion-text fusion-text-1\"><p><strong>Casa Corpului Didactic Tulcea <\/strong>se angajeaz\u0103 s\u0103 asigure accesibilitatea site-ului web\u00a0<a href=\"https:\/\/ccdtulcea.ro\/wp\/\">https:\/\/ccdtulcea.ro\/<\/a> \u0219i a platformei de elearning <a href=\"https:\/\/ccdtl.reteauaedu.ro\/\">https:\/\/ccdtl.reteauaedu.ro\/<\/a> \u00een conformitate cu Ordonan\u0163a de urgen\u0163\u0103 a Guvernului nr. 112\/2018 privind accesibilitatea site-urilor web \u015fi a aplica\u0163iilor mobile ale organismelor din sectorul public, aprobat\u0103 prin Legea nr. 90\/2019 (OUG nr. 112\/2018).<\/p>\n<p>Ne str\u0103duim s\u0103 asigur\u0103m accesibilitatea site-ului web\u00a0<a href=\"https:\/\/ccdtulcea.ro\">https:\/\/ccdtulcea.ro<\/a> \u0219i a platformei de elearning <a href=\"https:\/\/ccdtl.reteauaedu.ro\/\">https:\/\/ccdtl.reteauaedu.ro\/<\/a> pentru toate persoanele, inclusiv pentru cele cu dizabilit\u0103\u021bi. Ne ghid\u0103m dup\u0103 standardele WCAG 2.1 la nivel de conformitate\u00a0AA, \u00een conformitate cu Legea nr. 232\/2022 \u0219i cu Directiva (UE) 2019\/882 privind cerin\u021bele de accesibilitate ale produselor \u0219i serviciilor (European Accessibility Act \u2013 EAA).<\/p>\n<p>V\u0103 recomand\u0103m s\u0103 utiliza\u021bi cititorul de ecran NVDA. Utilizarea este gratuit\u0103 \u0219i v\u0103 va ajuta la navigarea prin site-ul web\u00a0<a href=\"https:\/\/ccdtulcea.ro\/\">https:\/\/ccdtulcea.ro\/wp\/<\/a> \u0219i platforma de elearning <a href=\"https:\/\/ccdtl.reteauaedu.ro\/\">https:\/\/ccdtl.reteauaedu.ro\/<\/a>. Softul poate fi desc\u0103rcat acces\u00e2nd adresa \u2013 <a href=\"https:\/\/www.nvaccess.org\/download\/\">https:\/\/www.nvaccess.org\/download\/<\/a><\/p>\n<p>Site-ul web\u00a0<a href=\"https:\/\/ccdtulcea.ro\">https:\/\/ccdtulcea.ro\/wp\/<\/a> \u0219i platforma de elearning <a href=\"https:\/\/ccdtl.reteauaedu.ro\/\">https:\/\/ccdtl.reteauaedu.ro\/<\/a> sunt concepute astfel \u00eenc\u00e2t s\u0103 fie compatibile cu urm\u0103toarele tehnologii asistive standard: cea mai recent\u0103 versiune a browserelor Google Chrome, Mozilla Firefox, Microsoft Edge \u0219i Apple Safari.<\/p>\n<p><strong>M\u0103suri de accesibilitate aplicate<\/strong><\/p>\n<p><strong>Casa Corpului Didactic Tulcea<\/strong> a implementat urm\u0103toarele m\u0103suri pentru a asigura accesibilitatea site-ului \u0219i a platformei de elearning:<\/p>\n<ol>\n<li><strong>Contrast vizibil<\/strong><br \/>\nText clar \u0219i lizibil, contrastul raportat (\u2265\u202f4.5:1 pentru text normal), cu op\u021biuni pentru ajustarea m\u0103rimii fontului.<\/li>\n<li><strong>Dimensiuni de font adecvate<\/strong><br \/>\nSe folose\u0219te text de aproximativ 16px \u2013 lizibil, conform recomand\u0103rilor din Ghidul tehnic ADR \u015fi WCAG.<\/li>\n<li><strong>Formular de contact func\u021bional<\/strong><br \/>\nExist\u0103\u00a0<strong>formulare accesibile<\/strong>, cu etichete pentru c\u00e2mpuri pentru respectarea principiilor de feedback.<\/li>\n<li><strong>Con\u021binut structurat semantic<\/strong><br \/>\nSite-ul utilizeaz\u0103 titluri (h1, h2 etc.) \u0219i liste, facilit\u00e2nd navigarea cu cititoare de ecran.<\/li>\n<li><strong>Design responsiv<\/strong><br \/>\nPagina se adapteaz\u0103 la dispozitive mobile \u0219i desktop.<\/li>\n<li><strong>Perceptibil \u0219i operabil<\/strong><br \/>\nUtilizarea\u00a0<strong>\u00a0Sienna Accessibility Widget<\/strong>\u00a0r\u0103spunde\u00a0<strong>par\u021bial<\/strong>\u00a0la\u00a0<strong>dou\u0103 dintre cele patru principii fundamentale<\/strong>\u00a0ale standardului\u00a0<strong>WCAG 2.1<\/strong>: perceptibil \u0219i operabil.\u00a0<strong>Sienna Accessibility Widget<\/strong>\u00a0este un instrument de accesibilitate web dezvoltat pentru a \u00eembun\u0103t\u0103\u021bi experien\u021ba utilizatorilor cu dizabilit\u0103\u021bi pe site-uri web:<br \/>\n\u2013 Permite ajustarea contrastului \u0219i a culorilor pentru a \u00eembun\u0103t\u0103\u021bi vizibilitatea.<br \/>\n\u2013 Ofer\u0103 op\u021biuni de m\u0103rire a textului \u0219i spa\u021biere a r\u00e2ndurilor pentru utilizatorii cu deficien\u021be de vedere.<br \/>\n\u2013 Include fonturi speciale pentru dislexie.<br \/>\n\u2013 Contribuie la percep\u021bia vizual\u0103 a con\u021binutului de c\u0103tre persoane cu deficien\u021be de vedere sau dificult\u0103\u021bi de citire.<br \/>\n\u2013 Ofer\u0103 func\u021bii pentru oprirea anima\u021biilor sau efectelor care pot d\u0103una utilizatorilor fotosensibili.<br \/>\n\u2013 Ajut\u0103 la utilizarea site-ului f\u0103r\u0103 mouse.<\/li>\n<\/ol>\n<p><strong>\u00a0<\/strong><strong>Prezenta declara\u0163ie privind accesibilitatea este valabil\u0103 pentru:\u00a0<\/strong><a href=\"https:\/\/ccdtulcea.ro\/\">https:\/\/ccdtulcea.ro<\/a> \u0219i <a href=\"https:\/\/ccdtl.reteauaedu.ro\/\">https:\/\/ccdtl.reteauaedu.ro\/<\/a><\/p>\n<p><strong>\u00a0<\/strong><strong>Metoda de evaluare<\/strong><\/p>\n<p>Aceast\u0103 evaluare se bazeaz\u0103 pe audituri automate realizate cu instrumentul<strong>\u00a0Lighthouse (Google Chrome DevTools)<\/strong>\u00a0pentru un num\u0103r reprezentativ de pagini din site \u0219i din platforma de elearning.<\/p>\n<p>Evaluarea intern\u0103 a inclus audituri automate pentru accesibilitate pe fiecare pagin\u0103 realizate cu instrumentul\u00a0<strong>Lighthouse.<\/strong>\u00a0Rezultatele au fost interpretate conform cerin\u021belor WCAG 2.1 nivel AA, iar analiza indic\u0103 un\u00a0<strong>grad de accesibilitate:<\/strong><\/p>\n<ol>\n<li><strong>Pentru site-ul <\/strong><a href=\"http:\/\/www.ccdtulcea.ro\"><strong>ccdtulcea.ro<\/strong><\/a><strong> \u00een medie de 86 (din 100 de puncte):<\/strong><\/li>\n<\/ol>\n<ul>\n<li>Pagina principal\u0103 \u0219i pagini secundare: 86<\/li>\n<li>Structura general\u0103 a paginilor este coerent\u0103.<\/li>\n<li>Formularele exist\u0103 \u0219i sunt func\u021bionale.<\/li>\n<\/ul>\n<ol start=\"2\">\n<li><strong>Pentru platforma de elearning <\/strong><a href=\"https:\/\/ccdtl.reteauaedu.ro\/\"><strong>https:\/\/ccdtl.reteauaedu.ro\/<\/strong><\/a><strong> accesibilitatea este 100 (din 100 de puncte) pentru varianta Desktop \u0219i 96 (din 100 de puncte) pentru varianta Mobil.<\/strong><\/li>\n<\/ol>\n<ul>\n<li>Structura general\u0103 a paginilor este coerent\u0103.<\/li>\n<li>Formularele exist\u0103 \u0219i sunt func\u021bionale.<\/li>\n<\/ul>\n<p><strong>Prezenta declara\u0163ie a fost elaborat\u0103 la data 04.07.2025 \u0219i va fi revizuit\u0103 dup\u0103 orice actualizare semnificativ\u0103 a site-ului.<\/strong><\/p>\n<p><strong>Feedback \u015fi date de contact<\/strong><\/p>\n<p>Dac\u0103 \u00eent\u00e2mpina\u021bi dificult\u0103\u021bi \u00een accesarea con\u021binutului de pe site, respectiv de pe platforma de elearning, sau ave\u021bi sugestii privind \u00eembun\u0103t\u0103\u021birea accesibilit\u0103\u021bii, v\u0103 rug\u0103m s\u0103 ne contacta\u021bi \u00een scris la\u00a0<a href=\"mailto:contact@ccdtulcea.ro\">contact@ccdtulcea.ro<\/a> \u00a0sau ne pute\u021bi suna la\u00a0<strong>telefon<\/strong>:\u00a0<strong>0240516656.<\/strong><\/p>\n<p>Termenul de r\u0103spuns la solicit\u0103rile transmise se va \u00eencadra \u00een 10-20 zile lucr\u0103toare.<\/p>\n<p><strong>Procedura de asigurare a aplic\u0103rii<\/strong><\/p>\n<p>Procedura de asigurare a aplic\u0103rii este conform OUG nr. 112\/2018.<\/p>\n<p><strong>Date de contact ale autorit\u0103\u0163ii competente de aplicare a legii<\/strong><\/p>\n<p>Autoritatea pentru Digitalizarea Rom\u00e2niei (ADR), Bd. Libert\u0103\u0163ii nr. 14, Bucure\u015fti, sector 5, e-mail:\u00a0<a href=\"mailto:monitorizare.accesibilitateweb@adr.gov.ro\">monitorizare.accesibilitateweb@adr.gov.ro<\/a><\/p>\n<p><strong>Legisla\u021bie<\/strong><\/p>\n<ul>\n<li>Directiva (UE) 2016\/2102 A Parlamentului European \u0219i a Consiliului din 26 octombrie 2016 privind accesibilitatea site-urilor web \u0219i a aplica\u021biilor mobile ale organismelor din sectorul public:\u00a0<a href=\"https:\/\/eur-lex.europa.eu\/legal-content\/RO\/TXT\/PDF\/?uri=CELEX:32016L2102\" target=\"_blank\" rel=\"noopener\">https:\/\/eur-lex.europa.eu\/legal-content\/RO\/TXT\/PDF\/?uri=CELEX:32016L2102<\/a><\/li>\n<li>Hot\u0103r\u00e2re nr. 89 din 28 ianuarie 2020 privind organizarea \u0219i func\u021bionarea Autorit\u0103\u021bii pentru Digitalizarea Rom\u00e2niei<\/li>\n<li>Ordonan\u021b\u0103 de urgen\u021b\u0103 nr. 112 din 21 decembrie 2018 privind accesibilitatea site-urilor web \u0219i a aplica\u021biilor mobile ale organismelor din sectorul public:\u00a0<a href=\"https:\/\/legislatie.just.ro\/Public\/DetaliiDocument\/209421\" target=\"_blank\" rel=\"noopener\">https:\/\/legislatie.just.ro\/Public\/DetaliiDocument\/209421<\/a><\/li>\n<li>Normele din 6 decembrie 2022 de monitorizare a conformit\u0103\u021bii site-urilor web \u0219i a aplica\u021biilor mobile cu cerin\u021bele privind accesibilitatea, aprobate prin\u00a0<a href=\"https:\/\/legislatie.just.ro\/Public\/DetaliiDocumentAfis\/263192\" target=\"_blank\" rel=\"noopener\">DECIZIA nr. 815 din 6 decembrie 2022<\/a>, a pre\u0219edintelui ADR, publict\u0103 \u00een Monitorul Oficial, Partea I, nr. 1257 din 28 decembrie 2022:\u00a0<a href=\"https:\/\/legislatie.just.ro\/public\/DetaliiDocument\/263193\" target=\"_blank\" rel=\"noopener\">https:\/\/legislatie.just.ro\/public\/DetaliiDocument\/263193<\/a><\/li>\n<li>Ghid tehnic privind accesibilitatea \u0219i utilizarea resurselor internet\u00a0<a href=\"https:\/\/www.adr.gov.ro\/wp-content\/uploads\/2024\/03\/GHID-TEHNIC-PRIVIND-ACCESIBILITATEA-SI-UTILIZAREA-RESURSELOR-INTERNET.pdf\" target=\"_blank\" rel=\"noopener\">https:\/\/www.adr.gov.ro\/wp-content\/uploads\/2024\/03\/GHID-TEHNIC-PRIVIND-ACCESIBILITATEA-SI-UTILIZAREA-RESURSELOR-INTERNET.pdf<\/a><\/li>\n<\/ul>\n<\/div><\/div><\/div><\/div><\/div><\/p>\n","protected":false},"excerpt":{"rendered":"","protected":false},"author":1,"featured_media":0,"parent":0,"menu_order":0,"comment_status":"closed","ping_status":"closed","template":"","meta":{"footnotes":""},"class_list":["post-11980","page","type-page","status-publish","hentry"],"_links":{"self":[{"href":"https:\/\/ccdtulcea.ro\/wp\/wp-json\/wp\/v2\/pages\/11980","targetHints":{"allow":["GET"]}}],"collection":[{"href":"https:\/\/ccdtulcea.ro\/wp\/wp-json\/wp\/v2\/pages"}],"about":[{"href":"https:\/\/ccdtulcea.ro\/wp\/wp-json\/wp\/v2\/types\/page"}],"author":[{"embeddable":true,"href":"https:\/\/ccdtulcea.ro\/wp\/wp-json\/wp\/v2\/users\/1"}],"replies":[{"embeddable":true,"href":"https:\/\/ccdtulcea.ro\/wp\/wp-json\/wp\/v2\/comments?post=11980"}],"version-history":[{"count":7,"href":"https:\/\/ccdtulcea.ro\/wp\/wp-json\/wp\/v2\/pages\/11980\/revisions"}],"predecessor-version":[{"id":12117,"href":"https:\/\/ccdtulcea.ro\/wp\/wp-json\/wp\/v2\/pages\/11980\/revisions\/12117"}],"wp:attachment":[{"href":"https:\/\/ccdtulcea.ro\/wp\/wp-json\/wp\/v2\/media?parent=11980"}],"curies":[{"name":"wp","href":"https:\/\/api.w.org\/{rel}","templated":true}]}}