{"id":11890,"date":"2025-05-26T13:19:14","date_gmt":"2025-05-26T11:19:14","guid":{"rendered":"https:\/\/ccdtulcea.ro\/wp\/?page_id=11890"},"modified":"2025-05-26T13:19:14","modified_gmt":"2025-05-26T11:19:14","slug":"foloseste-avertizorul-de-integritate","status":"publish","type":"page","link":"https:\/\/ccdtulcea.ro\/wp\/foloseste-avertizorul-de-integritate\/","title":{"rendered":"Folose\u0219te avertizorul de integritate"},"content":{"rendered":"<p><div class=\"fusion-fullwidth fullwidth-box fusion-builder-row-1 fusion-flex-container has-pattern-background has-mask-background nonhundred-percent-fullwidth non-hundred-percent-height-scrolling\" style=\"--awb-border-radius-top-left:0px;--awb-border-radius-top-right:0px;--awb-border-radius-bottom-right:0px;--awb-border-radius-bottom-left:0px;\" ><div class=\"fusion-builder-row fusion-row fusion-flex-align-items-flex-start\" style=\"max-width:1248px;margin-left: calc(-4% \/ 2 );margin-right: calc(-4% \/ 2 );\"><div class=\"fusion-layout-column fusion_builder_column fusion-builder-column-0 fusion_builder_column_1_1 1_1 fusion-flex-column\" style=\"--awb-bg-size:cover;--awb-width-large:100%;--awb-margin-top-large:0px;--awb-spacing-right-large:1.92%;--awb-margin-bottom-large:20px;--awb-spacing-left-large:1.92%;--awb-width-medium:100%;--awb-order-medium:0;--awb-spacing-right-medium:1.92%;--awb-spacing-left-medium:1.92%;--awb-width-small:100%;--awb-order-small:0;--awb-spacing-right-small:1.92%;--awb-spacing-left-small:1.92%;\"><div class=\"fusion-column-wrapper fusion-column-has-shadow fusion-flex-justify-content-flex-start fusion-content-layout-column\"><div class=\"fusion-title title fusion-title-1 fusion-sep-none fusion-title-text fusion-title-size-one\"><h1 class=\"title-heading-left\" style=\"margin:0;\"><span style=\"color: #993300;\"><strong>Folose\u0219te avertizorul de integritate<\/strong><\/span><\/h1><\/div><\/div><\/div><\/div><\/div><div class=\"fusion-fullwidth fullwidth-box fusion-builder-row-2 fusion-flex-container has-pattern-background has-mask-background nonhundred-percent-fullwidth non-hundred-percent-height-scrolling\" style=\"--awb-border-radius-top-left:0px;--awb-border-radius-top-right:0px;--awb-border-radius-bottom-right:0px;--awb-border-radius-bottom-left:0px;\" ><div class=\"fusion-builder-row fusion-row fusion-flex-align-items-flex-start\" style=\"max-width:1248px;margin-left: calc(-4% \/ 2 );margin-right: calc(-4% \/ 2 );\"><div class=\"fusion-layout-column fusion_builder_column fusion-builder-column-1 fusion_builder_column_1_2 1_2 fusion-flex-column\" style=\"--awb-bg-size:cover;--awb-width-large:50%;--awb-margin-top-large:0px;--awb-spacing-right-large:3.84%;--awb-margin-bottom-large:20px;--awb-spacing-left-large:3.84%;--awb-width-medium:50%;--awb-order-medium:0;--awb-spacing-right-medium:3.84%;--awb-spacing-left-medium:3.84%;--awb-width-small:100%;--awb-order-small:0;--awb-spacing-right-small:1.92%;--awb-spacing-left-small:1.92%;\"><div class=\"fusion-column-wrapper fusion-column-has-shadow fusion-flex-justify-content-flex-start fusion-content-layout-column\"><div ><a class=\"fusion-button button-flat button-medium button-blue fusion-button-blue button-1 fusion-button-span-yes \" style=\"--button_margin-top:20px;--button_margin-right:20px;--button_margin-bottom:20px;--button_margin-left:20px;width:calc(100% - 20px - 20px);\" target=\"_blank\" rel=\"noopener noreferrer\" href=\"https:\/\/avertizori.integritate.eu\/anonim\/\"><i class=\"fa-question fas button-icon-left\" aria-hidden=\"true\"><\/i><span class=\"fusion-button-text\">RAPORTARE ANONIM\u0102<\/span><\/a><\/div><\/div><\/div><div class=\"fusion-layout-column fusion_builder_column fusion-builder-column-2 fusion_builder_column_1_2 1_2 fusion-flex-column\" style=\"--awb-bg-size:cover;--awb-width-large:50%;--awb-margin-top-large:0px;--awb-spacing-right-large:3.84%;--awb-margin-bottom-large:20px;--awb-spacing-left-large:3.84%;--awb-width-medium:50%;--awb-order-medium:0;--awb-spacing-right-medium:3.84%;--awb-spacing-left-medium:3.84%;--awb-width-small:100%;--awb-order-small:0;--awb-spacing-right-small:1.92%;--awb-spacing-left-small:1.92%;\"><div class=\"fusion-column-wrapper fusion-column-has-shadow fusion-flex-justify-content-flex-start fusion-content-layout-column\"><div ><a class=\"fusion-button button-flat button-medium button-orange fusion-button-orange button-2 fusion-button-span-yes \" style=\"--button_margin-top:20px;--button_margin-right:20px;--button_margin-bottom:20px;--button_margin-left:20px;width:calc(100% - 20px - 20px);\" target=\"_blank\" rel=\"noopener noreferrer\" href=\"https:\/\/avertizori.integritate.eu\/nominal\/\"><i class=\"fa-microphone-alt fas button-icon-left\" aria-hidden=\"true\"><\/i><span class=\"fusion-button-text\">RAPORTARE NOMINAL\u0102<\/span><\/a><\/div><\/div><\/div><\/div><\/div><div class=\"fusion-fullwidth fullwidth-box fusion-builder-row-3 fusion-flex-container has-pattern-background has-mask-background nonhundred-percent-fullwidth non-hundred-percent-height-scrolling\" style=\"--awb-border-radius-top-left:0px;--awb-border-radius-top-right:0px;--awb-border-radius-bottom-right:0px;--awb-border-radius-bottom-left:0px;\" ><div class=\"fusion-builder-row fusion-row fusion-flex-align-items-flex-start\" style=\"max-width:1248px;margin-left: calc(-4% \/ 2 );margin-right: calc(-4% \/ 2 );\"><div class=\"fusion-layout-column fusion_builder_column fusion-builder-column-3 fusion_builder_column_1_1 1_1 fusion-flex-column\" style=\"--awb-bg-size:cover;--awb-width-large:100%;--awb-margin-top-large:0px;--awb-spacing-right-large:1.92%;--awb-margin-bottom-large:20px;--awb-spacing-left-large:1.92%;--awb-width-medium:100%;--awb-order-medium:0;--awb-spacing-right-medium:1.92%;--awb-spacing-left-medium:1.92%;--awb-width-small:100%;--awb-order-small:0;--awb-spacing-right-small:1.92%;--awb-spacing-left-small:1.92%;\"><div class=\"fusion-column-wrapper fusion-column-has-shadow fusion-flex-justify-content-flex-start fusion-content-layout-column\"><div class=\"fusion-text fusion-text-1\"><p><img decoding=\"async\" class=\"alignleft size-medium wp-image-11891\" src=\"https:\/\/ccdtulcea.ro\/wp\/wp-content\/uploads\/2025\/05\/avertizor_raporteaza-200x300.jpg\" alt=\"\" width=\"200\" height=\"300\" srcset=\"https:\/\/ccdtulcea.ro\/wp\/wp-content\/uploads\/2025\/05\/avertizor_raporteaza-16x24.jpg 16w, https:\/\/ccdtulcea.ro\/wp\/wp-content\/uploads\/2025\/05\/avertizor_raporteaza-24x36.jpg 24w, https:\/\/ccdtulcea.ro\/wp\/wp-content\/uploads\/2025\/05\/avertizor_raporteaza-32x48.jpg 32w, https:\/\/ccdtulcea.ro\/wp\/wp-content\/uploads\/2025\/05\/avertizor_raporteaza-200x300.jpg 200w, https:\/\/ccdtulcea.ro\/wp\/wp-content\/uploads\/2025\/05\/avertizor_raporteaza-400x600.jpg 400w, https:\/\/ccdtulcea.ro\/wp\/wp-content\/uploads\/2025\/05\/avertizor_raporteaza-600x900.jpg 600w, https:\/\/ccdtulcea.ro\/wp\/wp-content\/uploads\/2025\/05\/avertizor_raporteaza-683x1024.jpg 683w, https:\/\/ccdtulcea.ro\/wp\/wp-content\/uploads\/2025\/05\/avertizor_raporteaza-768x1152.jpg 768w, https:\/\/ccdtulcea.ro\/wp\/wp-content\/uploads\/2025\/05\/avertizor_raporteaza-800x1200.jpg 800w, https:\/\/ccdtulcea.ro\/wp\/wp-content\/uploads\/2025\/05\/avertizor_raporteaza.jpg 1024w\" sizes=\"(max-width: 200px) 100vw, 200px\" \/>O persoan\u0103 care efectueaz\u0103 raport\u0103ri privind \u00eenc\u0103lc\u0103ri ale legii \/ un avertizor \u00een interes public poate efectua raportarea nominal sau anonim. Din punct de vedere procedural, principalele diferen\u021be \u00eentre cele 2 modalit\u0103\u021bi de raportare sunt:<\/p>\n<p>\u00cen cadrul unei raport\u0103ri nominale exist\u0103 posibilitatea comunic\u0103rii pentru a se clarifica anumite aspecte prezentate \u00een raportare \u00eentre avertizorul \u00een interes public \u0219i persoana desemnat\u0103;<\/p>\n<p>Persoana care raporteaz\u0103 \u00eenc\u0103lc\u0103ri ale legii \u00een mod anonim nu poate beneficia de exonerare \u0219i protec\u021bie \u00een conformitate cu prevederile Legii nr. 361\/2022;<\/p>\n<p>Persoana care raporteaz\u0103 \u00eenc\u0103lc\u0103ri ale legii \u00een mod anonim nu poate fi \u00een\u0219tiin\u021bat\u0103 cu privire la \u00eenregistrarea raport\u0103rii, progresul \u00eenregistrat \u0219i modalitatea de solu\u021bionare;<\/p>\n<p>Prelucrarea datelor cu caracter personal se efectueaz\u0103 potrivit dispozi\u021biilor din Regulamentul (UE) 2016\/679 al Parlamentului European \u015fi al Consiliului din 27 aprilie 2016 privind protec\u0163ia persoanelor fizice \u00een ceea ce prive\u015fte prelucrarea datelor cu caracter personal \u015fi privind libera circula\u0163ie a acestor date \u015fi de abrogare a Directivei 95\/46\/CE (Regulamentul general privind protec\u0163ia datelor) \u015fi din Legea nr. 363\/2018 privind protec\u0163ia persoanelor fizice referitor la prelucrarea datelor cu caracter personal de c\u0103tre autorit\u0103\u0163ile competente \u00een scopul prevenirii, descoperii, cercet\u0103rii, urm\u0103ririi penale \u015fi combaterii infrac\u0163iunilor sau al execut\u0103rii pedepselor, m\u0103surilor educative \u015fi de siguran\u0163\u0103, precum \u015fi privind libera circula\u0163ie a acestor date \u015fi dispozi\u0163iilor din Regulamentul (UE) 2018\/1.725 al Parlamentului European \u015fi al Consiliului din 23 octombrie 2018 privind protec\u0163ia persoanelor fizice \u00een ceea ce prive\u015fte prelucrarea datelor cu caracter personal de c\u0103tre institu\u0163iile, organele, oficiile \u015fi agen\u0163iile Uniunii \u015fi privind libera circula\u0163ie a acestor date \u015fi de abrogare a Regulamentului (CE) nr. 45\/2001 \u015fi a Deciziei nr. 1.247\/2002\/CE.<\/p>\n<p>Sursa: <a href=\"https:\/\/avertizori.integritate.eu\/?_gl=1%2A13a9s2p%2A_ga%2ANjk4MDkyMjY2LjE3NDgyMzk0OTQ.%2A_ga_4GQ9YTR59X%2AczE3NDgyMzk0OTMkbzEkZzEkdDE3NDgyMzk1MDYkajAkbDAkaDA.\">Agen\u021bia Na\u021bional\u0103 de Integritate<\/a><\/p>\n<\/div><\/div><\/div><\/div><\/div><\/p>\n","protected":false},"excerpt":{"rendered":"","protected":false},"author":1,"featured_media":0,"parent":0,"menu_order":0,"comment_status":"closed","ping_status":"closed","template":"","meta":{"footnotes":""},"class_list":["post-11890","page","type-page","status-publish","hentry"],"_links":{"self":[{"href":"https:\/\/ccdtulcea.ro\/wp\/wp-json\/wp\/v2\/pages\/11890","targetHints":{"allow":["GET"]}}],"collection":[{"href":"https:\/\/ccdtulcea.ro\/wp\/wp-json\/wp\/v2\/pages"}],"about":[{"href":"https:\/\/ccdtulcea.ro\/wp\/wp-json\/wp\/v2\/types\/page"}],"author":[{"embeddable":true,"href":"https:\/\/ccdtulcea.ro\/wp\/wp-json\/wp\/v2\/users\/1"}],"replies":[{"embeddable":true,"href":"https:\/\/ccdtulcea.ro\/wp\/wp-json\/wp\/v2\/comments?post=11890"}],"version-history":[{"count":1,"href":"https:\/\/ccdtulcea.ro\/wp\/wp-json\/wp\/v2\/pages\/11890\/revisions"}],"predecessor-version":[{"id":11892,"href":"https:\/\/ccdtulcea.ro\/wp\/wp-json\/wp\/v2\/pages\/11890\/revisions\/11892"}],"wp:attachment":[{"href":"https:\/\/ccdtulcea.ro\/wp\/wp-json\/wp\/v2\/media?parent=11890"}],"curies":[{"name":"wp","href":"https:\/\/api.w.org\/{rel}","templated":true}]}}